{"id":7923,"date":"2022-02-18T16:37:25","date_gmt":"2022-02-18T15:37:25","guid":{"rendered":"https:\/\/stage.lernfilm-festival.ch\/fr\/hof-2020\/"},"modified":"2022-06-08T16:00:55","modified_gmt":"2022-06-08T14:00:55","slug":"2020-2","status":"publish","type":"page","link":"https:\/\/www.lernfilm-festival.ch\/fr\/hall-of-fame-2\/2020-2\/","title":{"rendered":"Hall of Fame 2020"},"content":{"rendered":"\t\t<div data-elementor-type=\"wp-page\" data-elementor-id=\"7923\" class=\"elementor elementor-7923\" data-elementor-post-type=\"page\">\n\t\t\t\t\t\t<section class=\"elementor-section elementor-top-section elementor-element elementor-element-4a273d70 indent-left elementor-section-boxed elementor-section-height-default elementor-section-height-default\" data-id=\"4a273d70\" data-element_type=\"section\" data-e-type=\"section\" data-settings=\"{&quot;background_background&quot;:&quot;classic&quot;}\">\n\t\t\t\t\t\t<div class=\"elementor-container elementor-column-gap-default\">\n\t\t\t\t\t<div class=\"elementor-column elementor-col-100 elementor-top-column elementor-element elementor-element-ec95353\" data-id=\"ec95353\" data-element_type=\"column\" data-e-type=\"column\" data-settings=\"{&quot;background_background&quot;:&quot;classic&quot;}\">\n\t\t\t<div class=\"elementor-widget-wrap elementor-element-populated\">\n\t\t\t\t\t\t<section class=\"elementor-section elementor-inner-section elementor-element elementor-element-4c77e83c elementor-section-boxed elementor-section-height-default elementor-section-height-default\" data-id=\"4c77e83c\" data-element_type=\"section\" data-e-type=\"section\">\n\t\t\t\t\t\t<div class=\"elementor-container elementor-column-gap-default\">\n\t\t\t\t\t<div class=\"elementor-column elementor-col-100 elementor-inner-column elementor-element elementor-element-300e2f67\" data-id=\"300e2f67\" data-element_type=\"column\" data-e-type=\"column\" data-settings=\"{&quot;background_background&quot;:&quot;classic&quot;}\">\n\t\t\t<div class=\"elementor-widget-wrap elementor-element-populated\">\n\t\t\t\t\t\t<div class=\"elementor-element elementor-element-68021253 elementor-widget elementor-widget-shortcode\" data-id=\"68021253\" data-element_type=\"widget\" data-e-type=\"widget\" data-widget_type=\"shortcode.default\">\n\t\t\t\t<div class=\"elementor-widget-container\">\n\t\t\t\t\t\t\t<div class=\"elementor-shortcode\"><div class=\"epyt-gallery\" data-currpage=\"1\" id=\"epyt_gallery_64341\"><figure class=\"wp-block-embed wp-block-embed-youtube is-type-video is-provider-youtube epyt-figure\"><div class=\"wp-block-embed__wrapper\"><iframe  id=\"_ytid_35655\"  width=\"800\" height=\"450\"  data-origwidth=\"800\" data-origheight=\"450\" src=\"https:\/\/www.youtube.com\/embed\/3QISXUUr3tY?enablejsapi=1&autoplay=0&cc_load_policy=0&cc_lang_pref=&iv_load_policy=1&loop=0&rel=1&fs=1&playsinline=0&autohide=2&theme=dark&color=red&controls=1&disablekb=0&\" class=\"__youtube_prefs__  no-lazyload\" title=\"YouTube player\"  data-epytgalleryid=\"epyt_gallery_64341\"  allow=\"fullscreen; accelerometer; autoplay; clipboard-write; encrypted-media; gyroscope; picture-in-picture; web-share\" referrerpolicy=\"strict-origin-when-cross-origin\" allowfullscreen data-no-lazy=\"1\" data-skipgform_ajax_framebjll=\"\"><\/iframe><\/div><\/figure><div class=\"epyt-gallery-list\"><div class=\"epyt-pagination \"><div tabindex=\"0\" role=\"button\" class=\"epyt-pagebutton epyt-prev  hide \" data-playlistid=\"PL_H0w-krq2mIlDhxgtlgxyb1dez8tSCcB\" data-pagesize=\"15\" data-pagetoken=\"\" data-epcolumns=\"3\" data-showtitle=\"1\" data-showpaging=\"1\" data-autonext=\"0\" data-thumbplay=\"1\"><div class=\"epyt-arrow\">&laquo;<\/div> <div>Prev<\/div><\/div><div class=\"epyt-pagenumbers hide\"><div class=\"epyt-current\">1<\/div><div class=\"epyt-pageseparator\"> \/ <\/div><div class=\"epyt-totalpages\">1<\/div><\/div><div tabindex=\"0\" role=\"button\" class=\"epyt-pagebutton epyt-next hide \" data-playlistid=\"PL_H0w-krq2mIlDhxgtlgxyb1dez8tSCcB\" data-pagesize=\"15\" data-pagetoken=\"\" data-epcolumns=\"3\" data-showtitle=\"1\" data-showpaging=\"1\" data-autonext=\"0\" data-thumbplay=\"1\"><div>Next<\/div> <div class=\"epyt-arrow\">&raquo;<\/div><\/div><div class=\"epyt-loader\"><img decoding=\"async\" alt=\"loading\" width=\"16\" height=\"11\" src=\"https:\/\/www.lernfilm-festival.ch\/fr\/wp-content\/plugins\/youtube-embed-plus\/images\/gallery-page-loader.gif\"><\/div><\/div><div class=\"epyt-gallery-allthumbs  epyt-cols-3 \"><div tabindex=\"0\" role=\"button\" data-videoid=\"3QISXUUr3tY\" class=\"epyt-gallery-thumb\"><div class=\"epyt-gallery-img-box\"><div class=\"epyt-gallery-img\" style=\"background-image: url(https:\/\/i.ytimg.com\/vi\/3QISXUUr3tY\/hqdefault.jpg)\"><div class=\"epyt-gallery-playhover\"><img decoding=\"async\" alt=\"play\" class=\"epyt-play-img\" width=\"30\" height=\"23\" src=\"https:\/\/www.lernfilm-festival.ch\/fr\/wp-content\/plugins\/youtube-embed-plus\/images\/playhover.png\" data-no-lazy=\"1\" data-skipgform_ajax_framebjll=\"\" \/><div class=\"epyt-gallery-playcrutch\"><\/div><\/div><\/div><\/div><div class=\"epyt-gallery-title\">WLan, Lan und Mobile Daten | Kiga - 6. Klasse, 1. Preis 2020<\/div><\/div><div tabindex=\"0\" role=\"button\" data-videoid=\"t3cTqtbLUxk\" class=\"epyt-gallery-thumb\"><div class=\"epyt-gallery-img-box\"><div class=\"epyt-gallery-img\" style=\"background-image: url(https:\/\/i.ytimg.com\/vi\/t3cTqtbLUxk\/hqdefault.jpg)\"><div class=\"epyt-gallery-playhover\"><img decoding=\"async\" alt=\"play\" class=\"epyt-play-img\" width=\"30\" height=\"23\" src=\"https:\/\/www.lernfilm-festival.ch\/fr\/wp-content\/plugins\/youtube-embed-plus\/images\/playhover.png\" data-no-lazy=\"1\" data-skipgform_ajax_framebjll=\"\" \/><div class=\"epyt-gallery-playcrutch\"><\/div><\/div><\/div><\/div><div class=\"epyt-gallery-title\">Weshalb donnert es? | Kiga - 6. Klasse, 2. Preis 2020<\/div><\/div><div tabindex=\"0\" role=\"button\" data-videoid=\"nJQ7W4Ifai0\" class=\"epyt-gallery-thumb\"><div class=\"epyt-gallery-img-box\"><div class=\"epyt-gallery-img\" style=\"background-image: url(https:\/\/i.ytimg.com\/vi\/nJQ7W4Ifai0\/hqdefault.jpg)\"><div class=\"epyt-gallery-playhover\"><img decoding=\"async\" alt=\"play\" class=\"epyt-play-img\" width=\"30\" height=\"23\" src=\"https:\/\/www.lernfilm-festival.ch\/fr\/wp-content\/plugins\/youtube-embed-plus\/images\/playhover.png\" data-no-lazy=\"1\" data-skipgform_ajax_framebjll=\"\" \/><div class=\"epyt-gallery-playcrutch\"><\/div><\/div><\/div><\/div><div class=\"epyt-gallery-title\">Wer n\u00e4ht meinen Pulli? | 7.- 9. Klasse, 1. Preis 2020<\/div><\/div><div class=\"epyt-gallery-rowbreak\"><\/div><div tabindex=\"0\" role=\"button\" data-videoid=\"mYhKPawWdz0\" class=\"epyt-gallery-thumb\"><div class=\"epyt-gallery-img-box\"><div class=\"epyt-gallery-img\" style=\"background-image: url(https:\/\/i.ytimg.com\/vi\/mYhKPawWdz0\/hqdefault.jpg)\"><div class=\"epyt-gallery-playhover\"><img decoding=\"async\" alt=\"play\" class=\"epyt-play-img\" width=\"30\" height=\"23\" src=\"https:\/\/www.lernfilm-festival.ch\/fr\/wp-content\/plugins\/youtube-embed-plus\/images\/playhover.png\" data-no-lazy=\"1\" data-skipgform_ajax_framebjll=\"\" \/><div class=\"epyt-gallery-playcrutch\"><\/div><\/div><\/div><\/div><div class=\"epyt-gallery-title\">Hyperloop, die Mobilit\u00e4t der Zukunft |  7.- 9. Klasse, 2. Preis 2020<\/div><\/div><div tabindex=\"0\" role=\"button\" data-videoid=\"PSKhhXDKs0Q\" class=\"epyt-gallery-thumb\"><div class=\"epyt-gallery-img-box\"><div class=\"epyt-gallery-img\" style=\"background-image: url(https:\/\/i.ytimg.com\/vi\/PSKhhXDKs0Q\/hqdefault.jpg)\"><div class=\"epyt-gallery-playhover\"><img decoding=\"async\" alt=\"play\" class=\"epyt-play-img\" width=\"30\" height=\"23\" src=\"https:\/\/www.lernfilm-festival.ch\/fr\/wp-content\/plugins\/youtube-embed-plus\/images\/playhover.png\" data-no-lazy=\"1\" data-skipgform_ajax_framebjll=\"\" \/><div class=\"epyt-gallery-playcrutch\"><\/div><\/div><\/div><\/div><div class=\"epyt-gallery-title\">Leben heisst ver\u00e4ndern | Gymnasium &amp; Fachmittelschule, 1. Preis 2020<\/div><\/div><div tabindex=\"0\" role=\"button\" data-videoid=\"ZNel5nRCW0o\" class=\"epyt-gallery-thumb\"><div class=\"epyt-gallery-img-box\"><div class=\"epyt-gallery-img\" style=\"background-image: url(https:\/\/i.ytimg.com\/vi\/ZNel5nRCW0o\/hqdefault.jpg)\"><div class=\"epyt-gallery-playhover\"><img decoding=\"async\" alt=\"play\" class=\"epyt-play-img\" width=\"30\" height=\"23\" src=\"https:\/\/www.lernfilm-festival.ch\/fr\/wp-content\/plugins\/youtube-embed-plus\/images\/playhover.png\" data-no-lazy=\"1\" data-skipgform_ajax_framebjll=\"\" \/><div class=\"epyt-gallery-playcrutch\"><\/div><\/div><\/div><\/div><div class=\"epyt-gallery-title\">Marx Lernvideo Religionskritik | Gymnasium &amp; Fachmittelschule, 2. Preis 2020<\/div><\/div><div class=\"epyt-gallery-rowbreak\"><\/div><div tabindex=\"0\" role=\"button\" data-videoid=\"_uOhlLVKoko\" class=\"epyt-gallery-thumb\"><div class=\"epyt-gallery-img-box\"><div class=\"epyt-gallery-img\" style=\"background-image: url(https:\/\/i.ytimg.com\/vi\/_uOhlLVKoko\/hqdefault.jpg)\"><div class=\"epyt-gallery-playhover\"><img decoding=\"async\" alt=\"play\" class=\"epyt-play-img\" width=\"30\" height=\"23\" src=\"https:\/\/www.lernfilm-festival.ch\/fr\/wp-content\/plugins\/youtube-embed-plus\/images\/playhover.png\" data-no-lazy=\"1\" data-skipgform_ajax_framebjll=\"\" \/><div class=\"epyt-gallery-playcrutch\"><\/div><\/div><\/div><\/div><div class=\"epyt-gallery-title\">Auf Klassenfahrt bei SpaceX | Berufsschulen, 2. Preis 2020<\/div><\/div><div tabindex=\"0\" role=\"button\" data-videoid=\"dKoaoOr_TCk\" class=\"epyt-gallery-thumb\"><div class=\"epyt-gallery-img-box\"><div class=\"epyt-gallery-img\" style=\"background-image: url(https:\/\/i.ytimg.com\/vi\/dKoaoOr_TCk\/hqdefault.jpg)\"><div class=\"epyt-gallery-playhover\"><img decoding=\"async\" alt=\"play\" class=\"epyt-play-img\" width=\"30\" height=\"23\" src=\"https:\/\/www.lernfilm-festival.ch\/fr\/wp-content\/plugins\/youtube-embed-plus\/images\/playhover.png\" data-no-lazy=\"1\" data-skipgform_ajax_framebjll=\"\" \/><div class=\"epyt-gallery-playcrutch\"><\/div><\/div><\/div><\/div><div class=\"epyt-gallery-title\">Kapitel des Lebens | Berufsschulen,  1. Preis 2020<\/div><\/div><div tabindex=\"0\" role=\"button\" data-videoid=\"UhG5P9sR1mo\" class=\"epyt-gallery-thumb\"><div class=\"epyt-gallery-img-box\"><div class=\"epyt-gallery-img\" style=\"background-image: url(https:\/\/i.ytimg.com\/vi\/UhG5P9sR1mo\/hqdefault.jpg)\"><div class=\"epyt-gallery-playhover\"><img decoding=\"async\" alt=\"play\" class=\"epyt-play-img\" width=\"30\" height=\"23\" src=\"https:\/\/www.lernfilm-festival.ch\/fr\/wp-content\/plugins\/youtube-embed-plus\/images\/playhover.png\" data-no-lazy=\"1\" data-skipgform_ajax_framebjll=\"\" \/><div class=\"epyt-gallery-playcrutch\"><\/div><\/div><\/div><\/div><div class=\"epyt-gallery-title\">Plastiknic | Sonderpreis PH 2020<\/div><\/div><div class=\"epyt-gallery-rowbreak\"><\/div><div class=\"epyt-gallery-clear\"><\/div><\/div><div class=\"epyt-pagination \"><div tabindex=\"0\" role=\"button\" class=\"epyt-pagebutton epyt-prev  hide \" data-playlistid=\"PL_H0w-krq2mIlDhxgtlgxyb1dez8tSCcB\" data-pagesize=\"15\" data-pagetoken=\"\" data-epcolumns=\"3\" data-showtitle=\"1\" data-showpaging=\"1\" data-autonext=\"0\" data-thumbplay=\"1\"><div class=\"epyt-arrow\">&laquo;<\/div> <div>Prev<\/div><\/div><div class=\"epyt-pagenumbers hide\"><div class=\"epyt-current\">1<\/div><div class=\"epyt-pageseparator\"> \/ <\/div><div class=\"epyt-totalpages\">1<\/div><\/div><div tabindex=\"0\" role=\"button\" class=\"epyt-pagebutton epyt-next hide \" data-playlistid=\"PL_H0w-krq2mIlDhxgtlgxyb1dez8tSCcB\" data-pagesize=\"15\" data-pagetoken=\"\" data-epcolumns=\"3\" data-showtitle=\"1\" data-showpaging=\"1\" data-autonext=\"0\" data-thumbplay=\"1\"><div>Next<\/div> <div class=\"epyt-arrow\">&raquo;<\/div><\/div><div class=\"epyt-loader\"><img decoding=\"async\" alt=\"loading\" width=\"16\" height=\"11\" src=\"https:\/\/www.lernfilm-festival.ch\/fr\/wp-content\/plugins\/youtube-embed-plus\/images\/gallery-page-loader.gif\"><\/div><\/div><\/div><\/div><\/div>\n\t\t\t\t\t\t<\/div>\n\t\t\t\t<\/div>\n\t\t\t\t\t<\/div>\n\t\t<\/div>\n\t\t\t\t\t<\/div>\n\t\t<\/section>\n\t\t\t\t\t<\/div>\n\t\t<\/div>\n\t\t\t\t\t<\/div>\n\t\t<\/section>\n\t\t\t\t<section class=\"elementor-section elementor-top-section elementor-element elementor-element-5b562fd elementor-section-boxed elementor-section-height-default elementor-section-height-default\" data-id=\"5b562fd\" data-element_type=\"section\" data-e-type=\"section\" data-settings=\"{&quot;background_background&quot;:&quot;classic&quot;}\">\n\t\t\t\t\t\t<div class=\"elementor-container elementor-column-gap-default\">\n\t\t\t\t\t<div class=\"elementor-column elementor-col-100 elementor-top-column elementor-element elementor-element-b27a2db\" data-id=\"b27a2db\" data-element_type=\"column\" data-e-type=\"column\">\n\t\t\t<div class=\"elementor-widget-wrap elementor-element-populated\">\n\t\t\t\t\t\t<section class=\"elementor-section elementor-inner-section elementor-element elementor-element-e196923 elementor-section-full_width elementor-section-height-default elementor-section-height-default\" data-id=\"e196923\" data-element_type=\"section\" data-e-type=\"section\">\n\t\t\t\t\t\t<div class=\"elementor-container elementor-column-gap-default\">\n\t\t\t\t\t<div class=\"elementor-column elementor-col-50 elementor-inner-column elementor-element elementor-element-45a8938\" data-id=\"45a8938\" data-element_type=\"column\" data-e-type=\"column\">\n\t\t\t<div class=\"elementor-widget-wrap elementor-element-populated\">\n\t\t\t\t\t\t<div class=\"elementor-element elementor-element-79f7592 elementor-widget elementor-widget-text-editor\" data-id=\"79f7592\" data-element_type=\"widget\" data-e-type=\"widget\" data-widget_type=\"text-editor.default\">\n\t\t\t\t<div class=\"elementor-widget-container\">\n\t\t\t\t\t\t\t\t\t<h3>Entr\u00e9es actuelles<\/h3>\t\t\t\t\t\t\t\t<\/div>\n\t\t\t\t<\/div>\n\t\t\t\t<div class=\"elementor-element elementor-element-56ca24b elementor-widget elementor-widget-text-editor\" data-id=\"56ca24b\" data-element_type=\"widget\" data-e-type=\"widget\" data-widget_type=\"text-editor.default\">\n\t\t\t\t<div class=\"elementor-widget-container\">\n\t\t\t\t\t\t\t\t\tCliquez ici pour voir les entr\u00e9es des films du concours en cours.\t\t\t\t\t\t\t\t<\/div>\n\t\t\t\t<\/div>\n\t\t\t\t<div class=\"elementor-element elementor-element-7803233 elementor-widget elementor-widget-button\" data-id=\"7803233\" data-element_type=\"widget\" data-e-type=\"widget\" data-widget_type=\"button.default\">\n\t\t\t\t<div class=\"elementor-widget-container\">\n\t\t\t\t\t\t\t\t\t<div class=\"elementor-button-wrapper\">\n\t\t\t\t\t<a class=\"elementor-button elementor-button-link elementor-size-sm\" href=\"\/fr\/entrees-actuelles\/categorie-1\/\">\n\t\t\t\t\t\t<span class=\"elementor-button-content-wrapper\">\n\t\t\t\t\t\t\t\t\t<span class=\"elementor-button-text\">Entr\u00e9es actuelles<\/span>\n\t\t\t\t\t<\/span>\n\t\t\t\t\t<\/a>\n\t\t\t\t<\/div>\n\t\t\t\t\t\t\t\t<\/div>\n\t\t\t\t<\/div>\n\t\t\t\t\t<\/div>\n\t\t<\/div>\n\t\t\t\t<div class=\"elementor-column elementor-col-50 elementor-inner-column elementor-element elementor-element-c65e3fb\" data-id=\"c65e3fb\" data-element_type=\"column\" data-e-type=\"column\">\n\t\t\t<div class=\"elementor-widget-wrap\">\n\t\t\t\t\t\t\t<\/div>\n\t\t<\/div>\n\t\t\t\t\t<\/div>\n\t\t<\/section>\n\t\t\t\t\t<\/div>\n\t\t<\/div>\n\t\t\t\t\t<\/div>\n\t\t<\/section>\n\t\t\t\t<\/div>\n\t\t","protected":false},"excerpt":{"rendered":"<p>Entr\u00e9es actuelles Cliquez ici pour voir les entr\u00e9es des films du concours en cours. Entr\u00e9es actuelles<\/p>\n","protected":false},"author":5,"featured_media":0,"parent":8048,"menu_order":0,"comment_status":"closed","ping_status":"closed","template":"","meta":{"footnotes":""},"class_list":["post-7923","page","type-page","status-publish","hentry"],"yoast_head":"<!-- This site is optimized with the Yoast SEO plugin v27.5 - https:\/\/yoast.com\/product\/yoast-seo-wordpress\/ -->\n<title>Hall of Fame 2020 - LernFilm Festival \u2013 FR<\/title>\n<meta name=\"robots\" content=\"index, follow, max-snippet:-1, max-image-preview:large, max-video-preview:-1\" \/>\n<link rel=\"canonical\" href=\"https:\/\/www.lernfilm-festival.ch\/fr\/hall-of-fame-2\/2020-2\/\" \/>\n<meta property=\"og:locale\" content=\"fr_FR\" \/>\n<meta property=\"og:type\" content=\"article\" \/>\n<meta property=\"og:title\" content=\"Hall of Fame 2020 - LernFilm Festival \u2013 FR\" \/>\n<meta property=\"og:description\" content=\"Entr\u00e9es actuelles Cliquez ici pour voir les entr\u00e9es des films du concours en cours. Entr\u00e9es actuelles\" \/>\n<meta property=\"og:url\" content=\"https:\/\/www.lernfilm-festival.ch\/fr\/hall-of-fame-2\/2020-2\/\" \/>\n<meta property=\"og:site_name\" content=\"LernFilm Festival \u2013 FR\" \/>\n<meta property=\"article:modified_time\" content=\"2022-06-08T14:00:55+00:00\" \/>\n<meta name=\"twitter:card\" content=\"summary_large_image\" \/>\n<script type=\"application\/ld+json\" class=\"yoast-schema-graph\">{\"@context\":\"https:\\\/\\\/schema.org\",\"@graph\":[{\"@type\":\"WebPage\",\"@id\":\"https:\\\/\\\/www.lernfilm-festival.ch\\\/fr\\\/hall-of-fame-2\\\/2020-2\\\/\",\"url\":\"https:\\\/\\\/www.lernfilm-festival.ch\\\/fr\\\/hall-of-fame-2\\\/2020-2\\\/\",\"name\":\"Hall of Fame 2020 - LernFilm Festival \u2013 FR\",\"isPartOf\":{\"@id\":\"https:\\\/\\\/www.lernfilm-festival.ch\\\/fr\\\/#website\"},\"datePublished\":\"2022-02-18T15:37:25+00:00\",\"dateModified\":\"2022-06-08T14:00:55+00:00\",\"breadcrumb\":{\"@id\":\"https:\\\/\\\/www.lernfilm-festival.ch\\\/fr\\\/hall-of-fame-2\\\/2020-2\\\/#breadcrumb\"},\"inLanguage\":\"fr-FR\",\"potentialAction\":[{\"@type\":\"ReadAction\",\"target\":[\"https:\\\/\\\/www.lernfilm-festival.ch\\\/fr\\\/hall-of-fame-2\\\/2020-2\\\/\"]}]},{\"@type\":\"BreadcrumbList\",\"@id\":\"https:\\\/\\\/www.lernfilm-festival.ch\\\/fr\\\/hall-of-fame-2\\\/2020-2\\\/#breadcrumb\",\"itemListElement\":[{\"@type\":\"ListItem\",\"position\":1,\"name\":\"Home\",\"item\":\"https:\\\/\\\/www.lernfilm-festival.ch\\\/fr\\\/\"},{\"@type\":\"ListItem\",\"position\":2,\"name\":\"Hall of Fame\",\"item\":\"https:\\\/\\\/www.lernfilm-festival.ch\\\/fr\\\/hall-of-fame-2\\\/\"},{\"@type\":\"ListItem\",\"position\":3,\"name\":\"Hall of Fame 2020\"}]},{\"@type\":\"WebSite\",\"@id\":\"https:\\\/\\\/www.lernfilm-festival.ch\\\/fr\\\/#website\",\"url\":\"https:\\\/\\\/www.lernfilm-festival.ch\\\/fr\\\/\",\"name\":\"LernFilm Festival \u2013 FR\",\"description\":\"\",\"publisher\":{\"@id\":\"https:\\\/\\\/www.lernfilm-festival.ch\\\/fr\\\/#organization\"},\"potentialAction\":[{\"@type\":\"SearchAction\",\"target\":{\"@type\":\"EntryPoint\",\"urlTemplate\":\"https:\\\/\\\/www.lernfilm-festival.ch\\\/fr\\\/?s={search_term_string}\"},\"query-input\":{\"@type\":\"PropertyValueSpecification\",\"valueRequired\":true,\"valueName\":\"search_term_string\"}}],\"inLanguage\":\"fr-FR\"},{\"@type\":\"Organization\",\"@id\":\"https:\\\/\\\/www.lernfilm-festival.ch\\\/fr\\\/#organization\",\"name\":\"LernFilm Festival \u2013 FR\",\"url\":\"https:\\\/\\\/www.lernfilm-festival.ch\\\/fr\\\/\",\"logo\":{\"@type\":\"ImageObject\",\"inLanguage\":\"fr-FR\",\"@id\":\"https:\\\/\\\/www.lernfilm-festival.ch\\\/fr\\\/#\\\/schema\\\/logo\\\/image\\\/\",\"url\":\"https:\\\/\\\/www.lernfilm-festival.ch\\\/fr\\\/wp-content\\\/uploads\\\/sites\\\/2\\\/2021\\\/08\\\/LFF-Logo_weiss.svg\",\"contentUrl\":\"https:\\\/\\\/www.lernfilm-festival.ch\\\/fr\\\/wp-content\\\/uploads\\\/sites\\\/2\\\/2021\\\/08\\\/LFF-Logo_weiss.svg\",\"width\":355,\"height\":90,\"caption\":\"LernFilm Festival \u2013 FR\"},\"image\":{\"@id\":\"https:\\\/\\\/www.lernfilm-festival.ch\\\/fr\\\/#\\\/schema\\\/logo\\\/image\\\/\"}}]}<\/script>\n<!-- \/ Yoast SEO plugin. -->","yoast_head_json":{"title":"Hall of Fame 2020 - LernFilm Festival \u2013 FR","robots":{"index":"index","follow":"follow","max-snippet":"max-snippet:-1","max-image-preview":"max-image-preview:large","max-video-preview":"max-video-preview:-1"},"canonical":"https:\/\/www.lernfilm-festival.ch\/fr\/hall-of-fame-2\/2020-2\/","og_locale":"fr_FR","og_type":"article","og_title":"Hall of Fame 2020 - LernFilm Festival \u2013 FR","og_description":"Entr\u00e9es actuelles Cliquez ici pour voir les entr\u00e9es des films du concours en cours. Entr\u00e9es actuelles","og_url":"https:\/\/www.lernfilm-festival.ch\/fr\/hall-of-fame-2\/2020-2\/","og_site_name":"LernFilm Festival \u2013 FR","article_modified_time":"2022-06-08T14:00:55+00:00","twitter_card":"summary_large_image","schema":{"@context":"https:\/\/schema.org","@graph":[{"@type":"WebPage","@id":"https:\/\/www.lernfilm-festival.ch\/fr\/hall-of-fame-2\/2020-2\/","url":"https:\/\/www.lernfilm-festival.ch\/fr\/hall-of-fame-2\/2020-2\/","name":"Hall of Fame 2020 - LernFilm Festival \u2013 FR","isPartOf":{"@id":"https:\/\/www.lernfilm-festival.ch\/fr\/#website"},"datePublished":"2022-02-18T15:37:25+00:00","dateModified":"2022-06-08T14:00:55+00:00","breadcrumb":{"@id":"https:\/\/www.lernfilm-festival.ch\/fr\/hall-of-fame-2\/2020-2\/#breadcrumb"},"inLanguage":"fr-FR","potentialAction":[{"@type":"ReadAction","target":["https:\/\/www.lernfilm-festival.ch\/fr\/hall-of-fame-2\/2020-2\/"]}]},{"@type":"BreadcrumbList","@id":"https:\/\/www.lernfilm-festival.ch\/fr\/hall-of-fame-2\/2020-2\/#breadcrumb","itemListElement":[{"@type":"ListItem","position":1,"name":"Home","item":"https:\/\/www.lernfilm-festival.ch\/fr\/"},{"@type":"ListItem","position":2,"name":"Hall of Fame","item":"https:\/\/www.lernfilm-festival.ch\/fr\/hall-of-fame-2\/"},{"@type":"ListItem","position":3,"name":"Hall of Fame 2020"}]},{"@type":"WebSite","@id":"https:\/\/www.lernfilm-festival.ch\/fr\/#website","url":"https:\/\/www.lernfilm-festival.ch\/fr\/","name":"LernFilm Festival \u2013 FR","description":"","publisher":{"@id":"https:\/\/www.lernfilm-festival.ch\/fr\/#organization"},"potentialAction":[{"@type":"SearchAction","target":{"@type":"EntryPoint","urlTemplate":"https:\/\/www.lernfilm-festival.ch\/fr\/?s={search_term_string}"},"query-input":{"@type":"PropertyValueSpecification","valueRequired":true,"valueName":"search_term_string"}}],"inLanguage":"fr-FR"},{"@type":"Organization","@id":"https:\/\/www.lernfilm-festival.ch\/fr\/#organization","name":"LernFilm Festival \u2013 FR","url":"https:\/\/www.lernfilm-festival.ch\/fr\/","logo":{"@type":"ImageObject","inLanguage":"fr-FR","@id":"https:\/\/www.lernfilm-festival.ch\/fr\/#\/schema\/logo\/image\/","url":"https:\/\/www.lernfilm-festival.ch\/fr\/wp-content\/uploads\/sites\/2\/2021\/08\/LFF-Logo_weiss.svg","contentUrl":"https:\/\/www.lernfilm-festival.ch\/fr\/wp-content\/uploads\/sites\/2\/2021\/08\/LFF-Logo_weiss.svg","width":355,"height":90,"caption":"LernFilm Festival \u2013 FR"},"image":{"@id":"https:\/\/www.lernfilm-festival.ch\/fr\/#\/schema\/logo\/image\/"}}]}},"_links":{"self":[{"href":"https:\/\/www.lernfilm-festival.ch\/fr\/wp-json\/wp\/v2\/pages\/7923","targetHints":{"allow":["GET"]}}],"collection":[{"href":"https:\/\/www.lernfilm-festival.ch\/fr\/wp-json\/wp\/v2\/pages"}],"about":[{"href":"https:\/\/www.lernfilm-festival.ch\/fr\/wp-json\/wp\/v2\/types\/page"}],"author":[{"embeddable":true,"href":"https:\/\/www.lernfilm-festival.ch\/fr\/wp-json\/wp\/v2\/users\/5"}],"replies":[{"embeddable":true,"href":"https:\/\/www.lernfilm-festival.ch\/fr\/wp-json\/wp\/v2\/comments?post=7923"}],"version-history":[{"count":7,"href":"https:\/\/www.lernfilm-festival.ch\/fr\/wp-json\/wp\/v2\/pages\/7923\/revisions"}],"predecessor-version":[{"id":8852,"href":"https:\/\/www.lernfilm-festival.ch\/fr\/wp-json\/wp\/v2\/pages\/7923\/revisions\/8852"}],"up":[{"embeddable":true,"href":"https:\/\/www.lernfilm-festival.ch\/fr\/wp-json\/wp\/v2\/pages\/8048"}],"wp:attachment":[{"href":"https:\/\/www.lernfilm-festival.ch\/fr\/wp-json\/wp\/v2\/media?parent=7923"}],"curies":[{"name":"wp","href":"https:\/\/api.w.org\/{rel}","templated":true}]}}